{"id":42,"date":"2022-04-24T14:55:55","date_gmt":"2022-04-24T13:55:55","guid":{"rendered":"http:\/\/dulcesdelturia.com\/?page_id=42"},"modified":"2022-11-27T01:46:00","modified_gmt":"2022-11-27T00:46:00","slug":"contacta","status":"publish","type":"page","link":"https:\/\/dulcesdelturia.com\/index.php\/contacta\/","title":{"rendered":"Contacta"},"content":{"rendered":"\n<div class=\"is-content-justification-center is-layout-flex wp-container-4 wp-block-group\">\n<div class=\"is-layout-flow wp-block-group\"><div class=\"wp-block-group__inner-container\">\n<div class=\"is-layout-flex wp-container-2 wp-block-columns\">\n<div class=\"is-layout-flow wp-block-column\" style=\"flex-basis:100%\">\n<iframe src=\"https:\/\/www.google.com\/maps\/embed?pb=!1m14!1m8!1m3!1d12323.928926931609!2d-0.4769962!3d39.4471336!3m2!1i1024!2i768!4f13.1!3m3!1m2!1s0x0%3A0x2316df9b21d86e9!2sDulces%20del%20Turia%20S.L!5e0!3m2!1ses!2ses!4v1669500692407!5m2!1ses!2ses\" width=\"600\" height=\"450\" style=\"border:0;\" allowfullscreen=\"\" loading=\"lazy\" referrerpolicy=\"no-referrer-when-downgrade\"><\/iframe>\n\n\n<div class=\"aligncenter wp-block-calendar\"><table id=\"wp-calendar\" class=\"wp-calendar-table\">\n\t<caption>abril 2026<\/caption>\n\t<thead>\n\t<tr>\n\t\t<th scope=\"col\" title=\"lunes\">L<\/th>\n\t\t<th scope=\"col\" title=\"martes\">M<\/th>\n\t\t<th scope=\"col\" title=\"mi\u00e9rcoles\">X<\/th>\n\t\t<th scope=\"col\" title=\"jueves\">J<\/th>\n\t\t<th scope=\"col\" title=\"viernes\">V<\/th>\n\t\t<th scope=\"col\" title=\"s\u00e1bado\">S<\/th>\n\t\t<th scope=\"col\" title=\"domingo\">D<\/th>\n\t<\/tr>\n\t<\/thead>\n\t<tbody>\n\t<tr>\n\t\t<td colspan=\"2\" class=\"pad\">&nbsp;<\/td><td>1<\/td><td>2<\/td><td>3<\/td><td>4<\/td><td>5<\/td>\n\t<\/tr>\n\t<tr>\n\t\t<td>6<\/td><td>7<\/td><td>8<\/td><td>9<\/td><td>10<\/td><td>11<\/td><td>12<\/td>\n\t<\/tr>\n\t<tr>\n\t\t<td>13<\/td><td>14<\/td><td>15<\/td><td id=\"today\">16<\/td><td>17<\/td><td>18<\/td><td>19<\/td>\n\t<\/tr>\n\t<tr>\n\t\t<td>20<\/td><td>21<\/td><td>22<\/td><td>23<\/td><td>24<\/td><td>25<\/td><td>26<\/td>\n\t<\/tr>\n\t<tr>\n\t\t<td>27<\/td><td>28<\/td><td>29<\/td><td>30<\/td>\n\t\t<td class=\"pad\" colspan=\"3\">&nbsp;<\/td>\n\t<\/tr>\n\t<\/tbody>\n\t<\/table><nav aria-label=\"Meses anteriores y posteriores\" class=\"wp-calendar-nav\">\n\t\t<span class=\"wp-calendar-nav-prev\"><a href=\"https:\/\/dulcesdelturia.com\/index.php\/2022\/04\/\">&laquo; Abr<\/a><\/span>\n\t\t<span class=\"pad\">&nbsp;<\/span>\n\t\t<span class=\"wp-calendar-nav-next\">&nbsp;<\/span>\n\t<\/nav><\/div><\/div>\n<\/div>\n<\/div><\/div>\n<\/div>\n\n\n\n<div class=\"is-layout-flow wp-block-group\"><div class=\"wp-block-group__inner-container\">\n<pre class=\"wp-block-preformatted has-background\" style=\"background-color:#f6d0d8\">Recuerda que si quieres realizar un pedido debe ser con un d\u00eda de antelaci\u00f3n o en el mismo d\u00eda de 8:30 a 13:00 horas<\/pre>\n<\/div><\/div>\n\n\n\n<p style=\"font-size:25px\"><strong>Calle Torners   n\u00ba22,      Pol\u00edgono Industrial Els Mollons,      Alaqu\u00e1s, Valencia<\/strong><\/p>\n\n\n\n<h2 class=\"has-background has-x-large-font-size\" style=\"background-color:#c5f7e5\">\u00a1Ll\u00e1manos o env\u00edanos un correo!<\/h2>\n\n\n\n<h2>Horario:<\/h2>\n\n\n\n<ul><li><strong>Lunes:<\/strong> 8:30-15:00<\/li><li><strong>Martes:<\/strong> 8:30-15:00<\/li><li><strong>Mi\u00e9rcoles:<\/strong> 8:30- 15:00<\/li><li><strong>Jueves:<\/strong> 8:30-15:00<\/li><li><strong>Viernes:<\/strong> 8:30-15:00<\/li><li><strong>S\u00e1bado:<\/strong> Cerrado<\/li><li><strong>Domingo:<\/strong> Cerrado<\/li><\/ul>\n\n\n\n<div class=\"is-layout-flow wp-block-group\"><div class=\"wp-block-group__inner-container\">\n<div class=\"is-layout-flex wp-container-8 wp-block-columns\">\n<div class=\"is-layout-flow wp-block-column\">\n<p class=\"has-x-large-font-size\"><strong>Telf.: 961593325<\/strong><\/p>\n<\/div>\n\n\n\n<div class=\"is-layout-flow wp-block-column\">\n<p class=\"has-x-large-font-size\"><strong>M\u00f3vil: 6811008880<\/strong><\/p>\n<\/div>\n<\/div>\n<\/div><\/div>\n\n\n\n<div class=\"is-layout-flex wp-container-13 wp-block-columns\">\n<div class=\"is-layout-flow wp-block-column\">\n<div class=\"is-layout-flex wp-container-11 wp-block-columns\">\n<div class=\"is-layout-flow wp-block-column has-black-color has-text-color\">\n<p class=\"has-text-align-center has-white-background-color has-background\" style=\"font-size:40px\"><strong>pedidos@dulcesdelturia.es<\/strong><\/p>\n<\/div>\n<\/div>\n<\/div>\n<\/div>\n\n\n\n<h2 class=\"has-text-align-center has-background has-large-font-size\" style=\"background-color:#ceebfd\"><em><strong>\u00bfQuieres trabajar con nosotros?<\/strong><\/em> <\/h2>\n\n\n\n<ul class=\"is-layout-flex wp-block-social-links aligncenter has-large-icon-size\"><li class=\"wp-social-link wp-social-link-linkedin wp-block-social-link\"><a href=\"https:\/\/www.linkedin.com\/company\/dulces-del-turia-sl\/?viewAsMember=true\"  class=\"wp-block-social-link-anchor\"><svg width=\"24\" height=\"24\" viewBox=\"0 0 24 24\" version=\"1.1\" xmlns=\"http:\/\/www.w3.org\/2000\/svg\" aria-hidden=\"true\" focusable=\"false\"><path d=\"M19.7,3H4.3C3.582,3,3,3.582,3,4.3v15.4C3,20.418,3.582,21,4.3,21h15.4c0.718,0,1.3-0.582,1.3-1.3V4.3 C21,3.582,20.418,3,19.7,3z M8.339,18.338H5.667v-8.59h2.672V18.338z M7.004,8.574c-0.857,0-1.549-0.694-1.549-1.548 c0-0.855,0.691-1.548,1.549-1.548c0.854,0,1.547,0.694,1.547,1.548C8.551,7.881,7.858,8.574,7.004,8.574z M18.339,18.338h-2.669 v-4.177c0-0.996-0.017-2.278-1.387-2.278c-1.389,0-1.601,1.086-1.601,2.206v4.249h-2.667v-8.59h2.559v1.174h0.037 c0.356-0.675,1.227-1.387,2.526-1.387c2.703,0,3.203,1.779,3.203,4.092V18.338z\"><\/path><\/svg><span class=\"wp-block-social-link-label screen-reader-text\">LinkedIn<\/span><\/a><\/li><\/ul>\n\n\n<div class=\"aligncenter wp-block-site-logo\"><a href=\"https:\/\/dulcesdelturia.com\/\" class=\"custom-logo-link\" rel=\"home\"><img loading=\"lazy\" width=\"349\" height=\"246\" src=\"https:\/\/dulcesdelturia.com\/wp-content\/uploads\/2022\/11\/LOGO_DULCESDELTURIA_DEF_RGB.png\" class=\"custom-logo\" alt=\"Hacemos tu d\u00eda a d\u00eda m\u00e1s dulce&#8230;\" decoding=\"async\" srcset=\"https:\/\/dulcesdelturia.com\/wp-content\/uploads\/2022\/11\/LOGO_DULCESDELTURIA_DEF_RGB.png 1754w, https:\/\/dulcesdelturia.com\/wp-content\/uploads\/2022\/11\/LOGO_DULCESDELTURIA_DEF_RGB-300x212.png 300w, https:\/\/dulcesdelturia.com\/wp-content\/uploads\/2022\/11\/LOGO_DULCESDELTURIA_DEF_RGB-1024x725.png 1024w, https:\/\/dulcesdelturia.com\/wp-content\/uploads\/2022\/11\/LOGO_DULCESDELTURIA_DEF_RGB-768x543.png 768w, https:\/\/dulcesdelturia.com\/wp-content\/uploads\/2022\/11\/LOGO_DULCESDELTURIA_DEF_RGB-1536x1087.png 1536w, https:\/\/dulcesdelturia.com\/wp-content\/uploads\/2022\/11\/LOGO_DULCESDELTURIA_DEF_RGB-85x60.png 85w, https:\/\/dulcesdelturia.com\/wp-content\/uploads\/2022\/11\/LOGO_DULCESDELTURIA_DEF_RGB-562x395.png 562w\" sizes=\"(max-width: 349px) 100vw, 349px\" \/><\/a><\/div>","protected":false},"excerpt":{"rendered":"<p>Recuerda que si quieres realizar un pedido debe ser con un d\u00eda de antelaci\u00f3n o en el mismo d\u00eda de 8:30 a 13:00 horas Calle Torners n\u00ba22, Pol\u00edgono Industrial Els Mollons, Alaqu\u00e1s, Valencia \u00a1Ll\u00e1manos o env\u00edanos un correo! Horario: Lunes: &hellip; <\/p>\n","protected":false},"author":1,"featured_media":0,"parent":0,"menu_order":0,"comment_status":"closed","ping_status":"closed","template":"","meta":{"om_disable_all_campaigns":false,"_monsterinsights_skip_tracking":false,"_monsterinsights_sitenote_active":false,"_monsterinsights_sitenote_note":"","_monsterinsights_sitenote_category":0,"_joinchat":[]},"aioseo_notices":[],"_links":{"self":[{"href":"https:\/\/dulcesdelturia.com\/index.php\/wp-json\/wp\/v2\/pages\/42"}],"collection":[{"href":"https:\/\/dulcesdelturia.com\/index.php\/wp-json\/wp\/v2\/pages"}],"about":[{"href":"https:\/\/dulcesdelturia.com\/index.php\/wp-json\/wp\/v2\/types\/page"}],"author":[{"embeddable":true,"href":"https:\/\/dulcesdelturia.com\/index.php\/wp-json\/wp\/v2\/users\/1"}],"replies":[{"embeddable":true,"href":"https:\/\/dulcesdelturia.com\/index.php\/wp-json\/wp\/v2\/comments?post=42"}],"version-history":[{"count":20,"href":"https:\/\/dulcesdelturia.com\/index.php\/wp-json\/wp\/v2\/pages\/42\/revisions"}],"predecessor-version":[{"id":180,"href":"https:\/\/dulcesdelturia.com\/index.php\/wp-json\/wp\/v2\/pages\/42\/revisions\/180"}],"wp:attachment":[{"href":"https:\/\/dulcesdelturia.com\/index.php\/wp-json\/wp\/v2\/media?parent=42"}],"curies":[{"name":"wp","href":"https:\/\/api.w.org\/{rel}","templated":true}]}}